{"id":106,"date":"2023-01-12T17:32:38","date_gmt":"2023-01-12T14:32:38","guid":{"rendered":"https:\/\/www.kosekampmaca.com\/?page_id=106"},"modified":"2024-08-20T11:50:58","modified_gmt":"2024-08-20T08:50:58","slug":"kamplarimiz","status":"publish","type":"page","link":"https:\/\/www.kosekampmaca.com\/?page_id=106","title":{"rendered":"KAMPLARIMIZ"},"content":{"rendered":"\n<div class=\"wp-block-columns is-layout-flex wp-container-core-columns-is-layout-9d6595d7 wp-block-columns-is-layout-flex\">\n<div class=\"wp-block-column is-layout-flow wp-block-column-is-layout-flow\" style=\"flex-basis:25%\"><ul class=\"wp-block-categories-list wp-block-categories\">\t<li class=\"cat-item cat-item-5\"><a href=\"https:\/\/www.kosekampmaca.com\/?cat=5\">Akdeniz<\/a>\n<\/li>\n\t<li class=\"cat-item cat-item-4\"><a href=\"https:\/\/www.kosekampmaca.com\/?cat=4\">Ege<\/a>\n<\/li>\n\t<li class=\"cat-item cat-item-3\"><a href=\"https:\/\/www.kosekampmaca.com\/?cat=3\">Marmara<\/a>\n<\/li>\n\t<li class=\"cat-item cat-item-6\"><a href=\"https:\/\/www.kosekampmaca.com\/?cat=6\">\u00dccretsiz Kamplar<\/a>\n<\/li>\n<\/ul><\/div>\n\n\n\n<div class=\"wp-block-column is-layout-flow wp-block-column-is-layout-flow\" style=\"flex-basis:50%\"><ul class=\"wp-block-latest-posts__list has-dates wp-block-latest-posts\"><li><a class=\"wp-block-latest-posts__post-title\" href=\"https:\/\/www.kosekampmaca.com\/?p=305\">Alt\u0131n Camp, Burhaniye\/Bal\u0131kesir (Nisan, 2023)<\/a><time datetime=\"2023-04-20T16:00:00+03:00\" class=\"wp-block-latest-posts__post-date\">20 Nisan 2023<\/time><\/li>\n<li><a class=\"wp-block-latest-posts__post-title\" href=\"https:\/\/www.kosekampmaca.com\/?p=292\">Our Lake Garden, Orhangazi\/Bursa<\/a><time datetime=\"2023-04-07T20:00:00+03:00\" class=\"wp-block-latest-posts__post-date\">7 Nisan 2023<\/time><\/li>\n<li><a class=\"wp-block-latest-posts__post-title\" href=\"https:\/\/www.kosekampmaca.com\/?p=285\">Our Lake Garden, Orhangazi\/Bursa<\/a><time datetime=\"2023-03-31T22:00:00+03:00\" class=\"wp-block-latest-posts__post-date\">31 Mart 2023<\/time><\/li>\n<li><a class=\"wp-block-latest-posts__post-title\" href=\"https:\/\/www.kosekampmaca.com\/?p=163\">Kurtul G\u00f6leti, Gemlik\/Bursa<\/a><time datetime=\"2023-02-24T21:00:00+03:00\" class=\"wp-block-latest-posts__post-date\">24 \u015eubat 2023<\/time><\/li>\n<li><a class=\"wp-block-latest-posts__post-title\" href=\"https:\/\/www.kosekampmaca.com\/?p=51\">Nefes Da\u011fyenice, Nil\u00fcfer\/Bursa<\/a><time datetime=\"2022-12-30T00:00:32+03:00\" class=\"wp-block-latest-posts__post-date\">30 Aral\u0131k 2022<\/time><\/li>\n<li><a class=\"wp-block-latest-posts__post-title\" href=\"https:\/\/www.kosekampmaca.com\/?p=67\">\u00c7aml\u0131k Piknik Alan\u0131, Orhangazi\/Bursa<\/a><time datetime=\"2022-10-28T00:00:11+03:00\" class=\"wp-block-latest-posts__post-date\">28 Ekim 2022<\/time><\/li>\n<li><a class=\"wp-block-latest-posts__post-title\" href=\"https:\/\/www.kosekampmaca.com\/?p=72\">Nefes Da\u011fyenice, Nil\u00fcfer\/Bursa<\/a><time datetime=\"2022-09-30T00:00:00+03:00\" class=\"wp-block-latest-posts__post-date\">30 Eyl\u00fcl 2022<\/time><\/li>\n<li><a class=\"wp-block-latest-posts__post-title\" href=\"https:\/\/www.kosekampmaca.com\/?p=169\">Alt\u0131n Camp, Burhaniye\/Bal\u0131kesir (2022)<\/a><time datetime=\"2022-08-16T08:00:32+03:00\" class=\"wp-block-latest-posts__post-date\">16 A\u011fustos 2022<\/time><\/li>\n<li><a class=\"wp-block-latest-posts__post-title\" href=\"https:\/\/www.kosekampmaca.com\/?p=138\">Bambu Kamp, Ekincik Koyu\/K\u00f6yce\u011fiz<\/a><time datetime=\"2022-08-08T08:00:00+03:00\" class=\"wp-block-latest-posts__post-date\">8 A\u011fustos 2022<\/time><\/li>\n<li><a class=\"wp-block-latest-posts__post-title\" href=\"https:\/\/www.kosekampmaca.com\/?p=251\">Fly Beach, Sar\u0131msakl\u0131\/Ayval\u0131k<\/a><time datetime=\"2022-07-09T12:00:00+03:00\" class=\"wp-block-latest-posts__post-date\">9 Temmuz 2022<\/time><\/li>\n<\/ul><\/div>\n\n\n\n<div class=\"wp-block-column is-layout-flow wp-block-column-is-layout-flow\" style=\"flex-basis:25%\"><ul class=\"wp-block-archives-list wp-block-archives\">\t<li><a href='https:\/\/www.kosekampmaca.com\/?m=202304'>Nisan 2023<\/a><\/li>\n\t<li><a href='https:\/\/www.kosekampmaca.com\/?m=202303'>Mart 2023<\/a><\/li>\n\t<li><a href='https:\/\/www.kosekampmaca.com\/?m=202302'>\u015eubat 2023<\/a><\/li>\n\t<li><a href='https:\/\/www.kosekampmaca.com\/?m=202212'>Aral\u0131k 2022<\/a><\/li>\n\t<li><a href='https:\/\/www.kosekampmaca.com\/?m=202210'>Ekim 2022<\/a><\/li>\n\t<li><a href='https:\/\/www.kosekampmaca.com\/?m=202209'>Eyl\u00fcl 2022<\/a><\/li>\n\t<li><a href='https:\/\/www.kosekampmaca.com\/?m=202208'>A\u011fustos 2022<\/a><\/li>\n\t<li><a href='https:\/\/www.kosekampmaca.com\/?m=202207'>Temmuz 2022<\/a><\/li>\n\t<li><a href='https:\/\/www.kosekampmaca.com\/?m=202206'>Haziran 2022<\/a><\/li>\n\t<li><a href='https:\/\/www.kosekampmaca.com\/?m=202205'>May\u0131s 2022<\/a><\/li>\n\t<li><a href='https:\/\/www.kosekampmaca.com\/?m=202204'>Nisan 2022<\/a><\/li>\n\t<li><a href='https:\/\/www.kosekampmaca.com\/?m=202202'>\u015eubat 2022<\/a><\/li>\n\t<li><a href='https:\/\/www.kosekampmaca.com\/?m=202201'>Ocak 2022<\/a><\/li>\n\t<li><a href='https:\/\/www.kosekampmaca.com\/?m=202110'>Ekim 2021<\/a><\/li>\n\t<li><a href='https:\/\/www.kosekampmaca.com\/?m=202108'>A\u011fustos 2021<\/a><\/li>\n\t<li><a href='https:\/\/www.kosekampmaca.com\/?m=202107'>Temmuz 2021<\/a><\/li>\n<\/ul><\/div>\n<\/div>\n","protected":false},"excerpt":{"rendered":"","protected":false},"author":1,"featured_media":0,"parent":0,"menu_order":1,"comment_status":"closed","ping_status":"closed","template":"","meta":{"iawp_total_views":62,"footnotes":""},"class_list":["post-106","page","type-page","status-publish","hentry","entry"],"_links":{"self":[{"href":"https:\/\/www.kosekampmaca.com\/index.php?rest_route=\/wp\/v2\/pages\/106","targetHints":{"allow":["GET"]}}],"collection":[{"href":"https:\/\/www.kosekampmaca.com\/index.php?rest_route=\/wp\/v2\/pages"}],"about":[{"href":"https:\/\/www.kosekampmaca.com\/index.php?rest_route=\/wp\/v2\/types\/page"}],"author":[{"embeddable":true,"href":"https:\/\/www.kosekampmaca.com\/index.php?rest_route=\/wp\/v2\/users\/1"}],"replies":[{"embeddable":true,"href":"https:\/\/www.kosekampmaca.com\/index.php?rest_route=%2Fwp%2Fv2%2Fcomments&post=106"}],"version-history":[{"count":6,"href":"https:\/\/www.kosekampmaca.com\/index.php?rest_route=\/wp\/v2\/pages\/106\/revisions"}],"predecessor-version":[{"id":351,"href":"https:\/\/www.kosekampmaca.com\/index.php?rest_route=\/wp\/v2\/pages\/106\/revisions\/351"}],"wp:attachment":[{"href":"https:\/\/www.kosekampmaca.com\/index.php?rest_route=%2Fwp%2Fv2%2Fmedia&parent=106"}],"curies":[{"name":"wp","href":"https:\/\/api.w.org\/{rel}","templated":true}]}}