{"id":37,"date":"2023-01-03T12:20:26","date_gmt":"2023-01-03T09:20:26","guid":{"rendered":"http:\/\/www.kosekampmaca.com\/?page_id=37"},"modified":"2026-03-03T16:01:52","modified_gmt":"2026-03-03T13:01:52","slug":"kamp-alisverisi","status":"publish","type":"page","link":"https:\/\/www.kosekampmaca.com\/?page_id=37","title":{"rendered":"KAMP ALI\u015eVER\u0130\u015e\u0130"},"content":{"rendered":"<p style=\"text-align: center;\">Tamam\u0131 kulland\u0131\u011f\u0131m\u0131z, memnun kald\u0131\u011f\u0131m\u0131z \u00fcr\u00fcnlerden olu\u015fan Kamp &amp; Karavanc\u0131lar i\u00e7in al\u0131\u015fveri\u015f listemiz:<\/p>\n\n\n<div class=\"wp-block-buttons is-vertical is-content-justification-center is-layout-flex wp-container-core-buttons-is-layout-9a7cdcfd wp-block-buttons-is-layout-flex\">\n<div class=\"wp-block-button\"><a class=\"wp-block-button__link wp-element-button\" href=\"https:\/\/app.hb.biz\/IufhKqKyc4Vi\" target=\"_blank\" rel=\"noopener noreferrer noopener\">Hepsiburada.com Listemiz<\/a><\/div>\n<\/div>\n","protected":false},"excerpt":{"rendered":"<p>Tamam\u0131 kulland\u0131\u011f\u0131m\u0131z, memnun kald\u0131\u011f\u0131m\u0131z \u00fcr\u00fcnlerden olu\u015fan Kamp &amp; Karavanc\u0131lar i\u00e7in al\u0131\u015fveri\u015f listemiz:<\/p>\n","protected":false},"author":1,"featured_media":0,"parent":0,"menu_order":2,"comment_status":"closed","ping_status":"closed","template":"","meta":{"iawp_total_views":22,"footnotes":""},"class_list":["post-37","page","type-page","status-publish","hentry","entry"],"_links":{"self":[{"href":"https:\/\/www.kosekampmaca.com\/index.php?rest_route=\/wp\/v2\/pages\/37","targetHints":{"allow":["GET"]}}],"collection":[{"href":"https:\/\/www.kosekampmaca.com\/index.php?rest_route=\/wp\/v2\/pages"}],"about":[{"href":"https:\/\/www.kosekampmaca.com\/index.php?rest_route=\/wp\/v2\/types\/page"}],"author":[{"embeddable":true,"href":"https:\/\/www.kosekampmaca.com\/index.php?rest_route=\/wp\/v2\/users\/1"}],"replies":[{"embeddable":true,"href":"https:\/\/www.kosekampmaca.com\/index.php?rest_route=%2Fwp%2Fv2%2Fcomments&post=37"}],"version-history":[{"count":18,"href":"https:\/\/www.kosekampmaca.com\/index.php?rest_route=\/wp\/v2\/pages\/37\/revisions"}],"predecessor-version":[{"id":365,"href":"https:\/\/www.kosekampmaca.com\/index.php?rest_route=\/wp\/v2\/pages\/37\/revisions\/365"}],"wp:attachment":[{"href":"https:\/\/www.kosekampmaca.com\/index.php?rest_route=%2Fwp%2Fv2%2Fmedia&parent=37"}],"curies":[{"name":"wp","href":"https:\/\/api.w.org\/{rel}","templated":true}]}}